{"id":894,"date":"2022-11-02T15:12:30","date_gmt":"2022-11-02T15:12:30","guid":{"rendered":"https:\/\/darwinhub.pl\/gdpr\/"},"modified":"2025-04-02T11:26:09","modified_gmt":"2025-04-02T11:26:09","slug":"gdpr","status":"publish","type":"page","link":"https:\/\/darwinhub.pl\/ru\/gdpr\/","title":{"rendered":"GDPR"},"content":{"rendered":"<h4 class=\"mb-20 color-heading\">KLAUZULA INFORMACYJNA PRZY POBIERANIU DANYCH BEZPOS\u0301REDNIO OD OSOBY<\/h4>\n<p>Zgodnie z art. 13 ust. 1 Rozporz\u0105dzenia Parlamentu Europejskiego i Rady (UE) 2016\/679 z dnia 27 kwietnia 2016 roku w sprawie ochrony os\u00f3b fizycznych w zwi\u0105zku z przetwarzaniem danych osobowych i w sprawie swobodnego przep\u0142ywu takich danych oraz uchylenia dyrektywy 95\/46\/WE (dalej: \u201eRODO\u201d) informujemy, \u017ce:<\/p>\n<ul class=\"mt-20 mb-20 pl-20 color-heading f-18 aos-init aos-animate\" data-aos=\"fade-down\" data-aos-delay=\"200\">\n<li class=\"mb-2\">Administratorem Pa\u0144stwa danych osobowych jest DarwinHub.pl adress: al. Jana Paw\u0142a II 27, 00-867 Warszawa. Kontakt do administratora danych: info@darwinhub.pl<\/li>\n<\/ul>\n<ul class=\"mt-20 mb-20 pl-20 color-heading f-18 aos-init aos-animate\" data-aos=\"fade-down\" data-aos-delay=\"200\">\n<li class=\"mb-2\">Pa\u0144stwa dane osobowe przetwarzane b\u0119d\u0105 na podstawie art. 6 ust. 1 lit. a) &#8212; c) RODO w celu zawarcia umowy sprzeda\u017cy produkt\u00f3w oferowanych przez DarwinHub.pl i jej wykonania, a tak\u017ce wykonania ci\u0105\u017c\u0105cych na DarwinHub.pl obowi\u0105zk\u00f3w prawnych, marketingu bezpo\u015bredniego, tworzenia zestawie\u0144, analiz i statystyk, obs\u0142ugi reklamacji i zg\u0142osze\u0144, wsparcia technicznego, rozlicze\u0144 finansowych, w tym wystawienia dokument\u00f3w ksi\u0119gowych.<\/li>\n<\/ul>\n<ul class=\"mt-20 mb-20 pl-20 color-heading f-18 aos-init aos-animate\" data-aos=\"fade-down\" data-aos-delay=\"200\">\n<li class=\"mb-2\">DarwinHub.pl jest uprawniona do przekazywania Pa\u0144stwa danych osobowych podmiotom trzecim (zwanym dalej: \u201eWsp\u00f3\u0142pracownikami Sp\u00f3\u0142ki\u201d). W zwi\u0105zku z tym Pa\u0144stwa dane osobowe mog\u0105 by\u0107 przekazane Wsp\u00f3\u0142pracownikom DarwinHub.pl na podstawie umowy o powierzeniu przetwarzania danych osobowych zawartej pomi\u0119dzy DarwinHub.pl a Wsp\u00f3\u0142pracownikami DarwinHub.pl. DarwinHub.pl jest zobowi\u0105zana do przekazywania Pa\u0144stwa danych osobowych na podstawie bezwzgl\u0119dnie obowi\u0105zuj\u0105cych przepis\u00f3w prawa, w tym na \u017c\u0105danie uprawnionych s\u0105d\u00f3w, organ\u00f3w i instytucji.<\/li>\n<\/ul>\n<ul class=\"mt-20 mb-20 pl-20 color-heading f-18 aos-init aos-animate\" data-aos=\"fade-down\" data-aos-delay=\"200\">\n<li class=\"mb-2\">Pa\u0144stwa dane osobowe, co do zasady nie s\u0105 przekazywane poza obszar EOG. Przekazanie Pa\u0144stwa danych osobowych poza obszar EOG mo\u017ce jednak nast\u0105pi\u0107, gdy b\u0119dzie to konieczne w celu zrealizowania Pa\u0144stwa zam\u00f3wienia, w tym w sytuacji, gdy realizacja zam\u00f3wienia b\u0119dzie wymaga\u0142a udzia\u0142u Wsp\u00f3\u0142pracownik\u00f3w Sp\u00f3\u0142ki posiadaj\u0105cych siedziby poza obszarem EOG.<\/li>\n<\/ul>\n<ul class=\"mt-20 mb-20 pl-20 color-heading f-18 aos-init aos-animate\" data-aos=\"fade-down\" data-aos-delay=\"200\">\n<li class=\"mb-2\">Pa\u0144stwa dane osobowe b\u0119d\u0105 przechowywane przez okres niezb\u0119dny do wykonania zawartej przez Pa\u0144stwa umowy z DarwinHub.pl, a po tym okresie do dnia up\u0142ywu terminu przedawnienia roszcze\u0144 z tytu\u0142u zawartej przez Pa\u0144stwa z DarwinHub.pl umowy. Natomiast Pa\u0144stwa dane osobowe utrwalone w dokumentacji ksi\u0119gowej b\u0119d\u0105 przechowywane przez okres wskazany w obowi\u0105zuj\u0105cych przepisach prawa, w tym przepisach podatkowych.<\/li>\n<\/ul>\n<ul class=\"mt-20 mb-20 pl-20 color-heading f-18 aos-init aos-animate\" data-aos=\"fade-down\" data-aos-delay=\"200\">\n<li class=\"mb-2\">Z zastrze\u017ceniem ogranicze\u0144 wynikaj\u0105cych z RODO i innych przepis\u00f3w prawa, macie Pa\u0144stwo prawo dost\u0119pu do tre\u015bci swoich danych osobowych oraz prawo ich sprostowania, usuni\u0119cia, ograniczenia przetwarzania, prawo do przenoszenia danych osobowych, prawo wniesienia sprzeciwu, a tak\u017ce prawo do cofni\u0119cia zgody w dowolnym momencie je\u017celi przetwarzanie odbywa si\u0119 na podstawie wyra\u017conej przez Pa\u0144stwa zgody.<\/li>\n<\/ul>\n<ul class=\"mt-20 mb-20 pl-20 color-heading f-18 aos-init aos-animate\" data-aos=\"fade-down\" data-aos-delay=\"200\">\n<li class=\"mb-2\">Macie Pa\u0144stwo prawo wniesienia skargi do organu nadzoru w rozumieniu RODO, gdy uznaj\u0105 Pa\u0144stwo, i\u017c przetwarzanie Pa\u0144stwa danych osobowych narusza przepisy RODO.<\/li>\n<\/ul>\n<ul class=\"mt-20 mb-20 pl-20 color-heading f-18 aos-init aos-animate\" data-aos=\"fade-down\" data-aos-delay=\"200\">\n<li class=\"mb-2\">W zakresie niezb\u0119dnym do wykonania zawartej przez Pa\u0144stwa z DarwinApps.pl umowy, a tak\u017ce w zakresie niezb\u0119dnym do podj\u0119cia przez DarwinApps.pl dzia\u0142a\u0144 na Pa\u0144stwa \u017c\u0105danie oraz w zakresie niezb\u0119dnym do wype\u0142nienia przez DarwinApps.pl ci\u0105\u017c\u0105cego na niej obowi\u0105zku prawnego &#8212; przetwarzanie Pa\u0144stwa danych osobowych nast\u0119puje na podstawie przepisu prawa tj. art. 6 ust. 1 lit. b) oraz lit. c) RODO, bez konieczno\u015bci wyra\u017cenia przez Pa\u0144stwa zgody na przetwarzanie Pa\u0144stwa danych osobowych. W pozosta\u0142ym zakresie podanie przez Pa\u0144stwa danych osobowych jest dobrowolne. Natomiast w zakresie w jakim zgoda na przetwarzanie Pa\u0144stwa danych osobowych zosta\u0142a wyra\u017cona przez Pa\u0144stwa wy\u0142\u0105cznie w celach marketingowych podanie przez Pa\u0144stwa danych osobowych jest dobrowolne, lecz odmowa wyra\u017cenia zgody lub cofni\u0119cie zgody uniemo\u017cliwi DarwinApps.pl informowanie o nowych ofertach i promocjach.<\/li>\n<\/ul>\n<ul class=\"mt-20 mb-20 pl-20 color-heading f-18 aos-init aos-animate\" data-aos=\"fade-down\" data-aos-delay=\"200\">\n<li class=\"mb-2\">Mo\u017cecie Pa\u0144stwo podlega\u0107 decyzji opartej wy\u0142\u0105cznie na zautomatyzowanym przetwarzaniu danych osobowych, w tym profilowaniu, je\u015bli uprawnia do tego DarwinHub.pl obowi\u0105zuj\u0105cy przepis prawa lub uprzednio wyrazili Pa\u0144stwo na to zgod\u0119.<\/li>\n<\/ul>\n","protected":false},"excerpt":{"rendered":"<p>KLAUZULA INFORMACYJNA PRZY POBIERANIU DANYCH BEZPOS\u0301REDNIO OD OSOBY Zgodnie z art. 13 ust. 1 Rozporz\u0105dzenia Parlamentu Europejskiego i Rady (UE) 2016\/679 z dnia 27 kwietnia 2016 roku w sprawie ochrony os\u00f3b fizycznych w zwi\u0105zku z przetwarzaniem danych osobowych i w sprawie swobodnego przep\u0142ywu takich danych oraz uchylenia dyrektywy 95\/46\/WE (dalej: \u201eRODO\u201d) informujemy, \u017ce: Administratorem Pa\u0144stwa [&hellip;]<\/p>\n","protected":false},"author":1,"featured_media":0,"parent":0,"menu_order":0,"comment_status":"closed","ping_status":"closed","template":"","meta":{"om_disable_all_campaigns":false,"_monsterinsights_skip_tracking":false,"_monsterinsights_sitenote_active":false,"_monsterinsights_sitenote_note":"","_monsterinsights_sitenote_category":0,"_uf_show_specific_survey":0,"_uf_disable_surveys":false,"footnotes":""},"categories":[],"tags":[],"class_list":["post-894","page","type-page","status-publish","hentry"],"acf":[],"aioseo_notices":[],"yoast_head":"<!-- This site is optimized with the Yoast SEO plugin v24.7 - https:\/\/yoast.com\/wordpress\/plugins\/seo\/ -->\n<title>GDPR - DarwinHub<\/title>\n<meta name=\"robots\" content=\"index, follow, max-snippet:-1, max-image-preview:large, max-video-preview:-1\" \/>\n<link rel=\"canonical\" href=\"https:\/\/darwinhub.pl\/ru\/gdpr\/\" \/>\n<meta property=\"og:locale\" content=\"ru_RU\" \/>\n<meta property=\"og:type\" content=\"article\" \/>\n<meta property=\"og:title\" content=\"GDPR - DarwinHub\" \/>\n<meta property=\"og:description\" content=\"KLAUZULA INFORMACYJNA PRZY POBIERANIU DANYCH BEZPOS\u0301REDNIO OD OSOBY Zgodnie z art. 13 ust. 1 Rozporz\u0105dzenia Parlamentu Europejskiego i Rady (UE) 2016\/679 z dnia 27 kwietnia 2016 roku w sprawie ochrony os\u00f3b fizycznych w zwi\u0105zku z przetwarzaniem danych osobowych i w sprawie swobodnego przep\u0142ywu takich danych oraz uchylenia dyrektywy 95\/46\/WE (dalej: \u201eRODO\u201d) informujemy, \u017ce: Administratorem Pa\u0144stwa [&hellip;]\" \/>\n<meta property=\"og:url\" content=\"https:\/\/darwinhub.pl\/ru\/gdpr\/\" \/>\n<meta property=\"og:site_name\" content=\"DarwinHub\" \/>\n<meta property=\"article:modified_time\" content=\"2025-04-02T11:26:09+00:00\" \/>\n<meta name=\"twitter:card\" content=\"summary_large_image\" \/>\n<meta name=\"twitter:label1\" content=\"\u041f\u0440\u0438\u043c\u0435\u0440\u043d\u043e\u0435 \u0432\u0440\u0435\u043c\u044f \u0434\u043b\u044f \u0447\u0442\u0435\u043d\u0438\u044f\" \/>\n\t<meta name=\"twitter:data1\" content=\"3 \u043c\u0438\u043d\u0443\u0442\u044b\" \/>\n<script type=\"application\/ld+json\" class=\"yoast-schema-graph\">{\"@context\":\"https:\/\/schema.org\",\"@graph\":[{\"@type\":\"WebPage\",\"@id\":\"https:\/\/darwinhub.pl\/ru\/gdpr\/\",\"url\":\"https:\/\/darwinhub.pl\/ru\/gdpr\/\",\"name\":\"GDPR - DarwinHub\",\"isPartOf\":{\"@id\":\"https:\/\/darwinhub.pl\/ru\/#website\"},\"datePublished\":\"2022-11-02T15:12:30+00:00\",\"dateModified\":\"2025-04-02T11:26:09+00:00\",\"breadcrumb\":{\"@id\":\"https:\/\/darwinhub.pl\/ru\/gdpr\/#breadcrumb\"},\"inLanguage\":\"ru-RU\",\"potentialAction\":[{\"@type\":\"ReadAction\",\"target\":[\"https:\/\/darwinhub.pl\/ru\/gdpr\/\"]}]},{\"@type\":\"BreadcrumbList\",\"@id\":\"https:\/\/darwinhub.pl\/ru\/gdpr\/#breadcrumb\",\"itemListElement\":[{\"@type\":\"ListItem\",\"position\":1,\"name\":\"DarwinHub\",\"item\":\"https:\/\/darwinhub.pl\/ru\/\"},{\"@type\":\"ListItem\",\"position\":2,\"name\":\"GDPR\"}]},{\"@type\":\"WebSite\",\"@id\":\"https:\/\/darwinhub.pl\/ru\/#website\",\"url\":\"https:\/\/darwinhub.pl\/ru\/\",\"name\":\"DarwinHub\",\"description\":\"\u0411\u0438\u0437\u043d\u0435\u0441-\u0438\u043d\u043a\u0443\u0431\u0430\u0442\u043e\u0440 - \u043a\u043e\u043c\u043f\u043b\u0435\u043a\u0441\u043d\u044b\u0435 \u0443\u0441\u043b\u0443\u0433\u0438 \u043f\u043e \u0431\u0438\u0437\u043d\u0435\u0441-\u044d\u043c\u0438\u0433\u0440\u0430\u0446\u0438\u0438, \u041f\u041c\u0416 \/ \u0412\u041d\u0416 \u0432 \u041f\u043e\u043b\u044c\u0448\u0435\",\"potentialAction\":[{\"@type\":\"SearchAction\",\"target\":{\"@type\":\"EntryPoint\",\"urlTemplate\":\"https:\/\/darwinhub.pl\/ru\/?s={search_term_string}\"},\"query-input\":{\"@type\":\"PropertyValueSpecification\",\"valueRequired\":true,\"valueName\":\"search_term_string\"}}],\"inLanguage\":\"ru-RU\"}]}<\/script>\n<!-- \/ Yoast SEO plugin. -->","yoast_head_json":{"title":"GDPR - DarwinHub","robots":{"index":"index","follow":"follow","max-snippet":"max-snippet:-1","max-image-preview":"max-image-preview:large","max-video-preview":"max-video-preview:-1"},"canonical":"https:\/\/darwinhub.pl\/ru\/gdpr\/","og_locale":"ru_RU","og_type":"article","og_title":"GDPR - DarwinHub","og_description":"KLAUZULA INFORMACYJNA PRZY POBIERANIU DANYCH BEZPOS\u0301REDNIO OD OSOBY Zgodnie z art. 13 ust. 1 Rozporz\u0105dzenia Parlamentu Europejskiego i Rady (UE) 2016\/679 z dnia 27 kwietnia 2016 roku w sprawie ochrony os\u00f3b fizycznych w zwi\u0105zku z przetwarzaniem danych osobowych i w sprawie swobodnego przep\u0142ywu takich danych oraz uchylenia dyrektywy 95\/46\/WE (dalej: \u201eRODO\u201d) informujemy, \u017ce: Administratorem Pa\u0144stwa [&hellip;]","og_url":"https:\/\/darwinhub.pl\/ru\/gdpr\/","og_site_name":"DarwinHub","article_modified_time":"2025-04-02T11:26:09+00:00","twitter_card":"summary_large_image","twitter_misc":{"\u041f\u0440\u0438\u043c\u0435\u0440\u043d\u043e\u0435 \u0432\u0440\u0435\u043c\u044f \u0434\u043b\u044f \u0447\u0442\u0435\u043d\u0438\u044f":"3 \u043c\u0438\u043d\u0443\u0442\u044b"},"schema":{"@context":"https:\/\/schema.org","@graph":[{"@type":"WebPage","@id":"https:\/\/darwinhub.pl\/ru\/gdpr\/","url":"https:\/\/darwinhub.pl\/ru\/gdpr\/","name":"GDPR - DarwinHub","isPartOf":{"@id":"https:\/\/darwinhub.pl\/ru\/#website"},"datePublished":"2022-11-02T15:12:30+00:00","dateModified":"2025-04-02T11:26:09+00:00","breadcrumb":{"@id":"https:\/\/darwinhub.pl\/ru\/gdpr\/#breadcrumb"},"inLanguage":"ru-RU","potentialAction":[{"@type":"ReadAction","target":["https:\/\/darwinhub.pl\/ru\/gdpr\/"]}]},{"@type":"BreadcrumbList","@id":"https:\/\/darwinhub.pl\/ru\/gdpr\/#breadcrumb","itemListElement":[{"@type":"ListItem","position":1,"name":"DarwinHub","item":"https:\/\/darwinhub.pl\/ru\/"},{"@type":"ListItem","position":2,"name":"GDPR"}]},{"@type":"WebSite","@id":"https:\/\/darwinhub.pl\/ru\/#website","url":"https:\/\/darwinhub.pl\/ru\/","name":"DarwinHub","description":"\u0411\u0438\u0437\u043d\u0435\u0441-\u0438\u043d\u043a\u0443\u0431\u0430\u0442\u043e\u0440 - \u043a\u043e\u043c\u043f\u043b\u0435\u043a\u0441\u043d\u044b\u0435 \u0443\u0441\u043b\u0443\u0433\u0438 \u043f\u043e \u0431\u0438\u0437\u043d\u0435\u0441-\u044d\u043c\u0438\u0433\u0440\u0430\u0446\u0438\u0438, \u041f\u041c\u0416 \/ \u0412\u041d\u0416 \u0432 \u041f\u043e\u043b\u044c\u0448\u0435","potentialAction":[{"@type":"SearchAction","target":{"@type":"EntryPoint","urlTemplate":"https:\/\/darwinhub.pl\/ru\/?s={search_term_string}"},"query-input":{"@type":"PropertyValueSpecification","valueRequired":true,"valueName":"search_term_string"}}],"inLanguage":"ru-RU"}]}},"_links":{"self":[{"href":"https:\/\/darwinhub.pl\/ru\/wp-json\/wp\/v2\/pages\/894","targetHints":{"allow":["GET"]}}],"collection":[{"href":"https:\/\/darwinhub.pl\/ru\/wp-json\/wp\/v2\/pages"}],"about":[{"href":"https:\/\/darwinhub.pl\/ru\/wp-json\/wp\/v2\/types\/page"}],"author":[{"embeddable":true,"href":"https:\/\/darwinhub.pl\/ru\/wp-json\/wp\/v2\/users\/1"}],"replies":[{"embeddable":true,"href":"https:\/\/darwinhub.pl\/ru\/wp-json\/wp\/v2\/comments?post=894"}],"version-history":[{"count":1,"href":"https:\/\/darwinhub.pl\/ru\/wp-json\/wp\/v2\/pages\/894\/revisions"}],"predecessor-version":[{"id":895,"href":"https:\/\/darwinhub.pl\/ru\/wp-json\/wp\/v2\/pages\/894\/revisions\/895"}],"wp:attachment":[{"href":"https:\/\/darwinhub.pl\/ru\/wp-json\/wp\/v2\/media?parent=894"}],"wp:term":[{"taxonomy":"category","embeddable":true,"href":"https:\/\/darwinhub.pl\/ru\/wp-json\/wp\/v2\/categories?post=894"},{"taxonomy":"post_tag","embeddable":true,"href":"https:\/\/darwinhub.pl\/ru\/wp-json\/wp\/v2\/tags?post=894"}],"curies":[{"name":"wp","href":"https:\/\/api.w.org\/{rel}","templated":true}]}}