{"id":897,"date":"2022-11-02T14:23:33","date_gmt":"2022-11-02T14:23:33","guid":{"rendered":"https:\/\/darwinhub.pl\/privacy-policy\/"},"modified":"2025-04-02T11:26:53","modified_gmt":"2025-04-02T11:26:53","slug":"privacy-policy","status":"publish","type":"page","link":"https:\/\/darwinhub.pl\/ru\/privacy-policy\/","title":{"rendered":"Privacy Policy"},"content":{"rendered":"<h4 class=\"mb-20 color-heading\">POLITYKA PRYWATNO\u015aCI<\/h4>\n<p>Niniejsza Polityka Prywatno\u015bci okre\u015bla zasady gromadzenia, przetwarzania i wykorzystywania danych osobowych pozyskanych od U\u017cytkownik\u00f3w przez DarwinHub.pl za po\u015brednictwem strony internetowej.<\/p>\n<p>Administratorem Danych Osobowych jest DarwinHub.pl. Wszystkie dane osobowe gromadzone s\u0105 z nale\u017cyt\u0105 staranno\u015bci\u0105 i odpowiednio chronione przed dost\u0119pem do nich przez osoby do tego nieupowa\u017cnione, przetwarzane s\u0105 zgodnie z ustaw\u0105 z dnia 29 sierpnia 1997 r. o ochronie danych osobowych (Dz. U. 2002 r. Nr 101 poz. 926, ze zm.) oraz ustaw\u0105 z dnia 18 lipca 2002 r. o \u015bwiadczeniu us\u0142ug drog\u0105 elektroniczn\u0105 (Dz. U. Nr 144, poz. 1204 z po\u017an. zm.) r. oraz rozporz\u0105dzeniem Ministra Spraw Wewn\u0119trznych i Administracji z dnia 29 kwietnia 2004 r. w sprawie dokumentacji przetwarzania danych osobowych oraz warunk\u00f3w technicznych i organizacyjnych, jakim powinny odpowiada\u0107 urz\u0105dzenia i systemy informatyczne, s\u0142u\u017c\u0105ce do przetwarzania danych osobowych (Dz. U. Nr 100, poz.1024).<\/p>\n<p>U\u017cytkownik zgadza si\u0119 na przekazanie jego danych osobowych do podmiot\u00f3w wsp\u00f3\u0142pracuj\u0105cych z DarwinHub.pl, w szczeg\u00f3lno\u015bci dostarczania przesy\u0142ek przez firmy kurierskie i operator\u00f3w pocztowych, wykonania us\u0142ug przez partner\u00f3w handlowych i us\u0142ugowych, ewidencji dostaw, ewidencji podatkowych, gwarancji oraz reklamacji. Dane osobowe nie s\u0105 udost\u0119pniane innym podmiotom dla cel\u00f3w marketingowych. Dane osobowe nigdy nie b\u0119d\u0105 odsprzedawane podmiotom trzecim.<\/p>\n<p>Wszystkie dane osobowe podawane s\u0105 dobrowolnie, a wyra\u017cenie zgody na przetwarzanie tych danych jest niezb\u0119dnym warunkiem realizacji zam\u00f3wienia. Je\u017celi U\u017cytkownik nie zgadza si\u0119 z Polityk\u0105 Prywatno\u015bci, prosimy nie nabywa\u0107 produkt\u00f3w i us\u0142ug oferowanych przez DarwinHub.pl<\/p>\n<p>Podczas korzystania ze stron internetowych Darwinhub.pl przez U\u017cytkownika, w logach serwera automatycznie zbierane s\u0105 anonimowe dane np. adres IP, nazwa domeny, typ przegl\u0105darki, typ systemu operacyjnego, itp. (dane zbierane automatycznie). Informacje zawarte w logach systemowych serwera wykorzystywane s\u0105 szczeg\u00f3lnie w celach technicznych oraz w celach zwi\u0105zanych z administracj\u0105 Serwisu, zapewnienia bezpiecze\u0144stwa dzia\u0142ania Serwisu, realizacji postanowie\u0144 Regulaminu, ochrony prawa. Poza tym informacje te s\u0105 wykorzystywane do zbierania informacji statystycznych lub marketingowych.<\/p>\n<p>Dane zbierane w trakcie korespondencji (za pomoc\u0105 formularza kontaktowego, telefonu, faksu, poczty e-mail itp.) pomi\u0119dzy DarwinHub.pl a Klientem b\u0119d\u0105 wykorzystane wy\u0142\u0105cznie w celu odpowiedzi na zadane pytania lub realizacji zam\u00f3wienia.<\/p>\n<p>Serwis internetowy nie zbiera w spos\u00f3b automatyczny \u017cadnych danych, z wyj\u0105tkiem danych zawartych w plikach cookies podczas samego korzystania z Witryny. Pliki cookies to ma\u0142e pliki tekstowe wysy\u0142ane przez stron\u0119 internetow\u0105 i przechowywane na Pa\u0144stwa komputerze, zawieraj\u0105ce pewne informacje zwi\u0105zane z korzystaniem przez Pa\u0144stwa z Witryny i strony Internetowej. Pliki cookies wykorzystywane s\u0105 przez stron\u0119 internetow\u0105 w celu obs\u0142ugi Witryny i zapewnienia mo\u017cliwo\u015bci udost\u0119pnienia Pa\u0144stwu interesuj\u0105cych informacji. Pliki cookies wykorzystywane przez stron\u0119 internetow\u0105 mog\u0105 mie\u0107 charakter tymczasowy lub trwa\u0142y. Tymczasowe pliki cookies s\u0105 usuwane z chwil\u0105 zamkni\u0119cia przegl\u0105darki, natomiast sta\u0142e pliki cookies s\u0105 przechowywane tak\u017ce po zako\u0144czeniu korzystania przez Pa\u0144stwa z Witryny i s\u0142u\u017c\u0105 do przechowywania informacji, co przy\u015bpiesza i u\u0142atwia korzystanie z Witryny. W dowolnym momencie mog\u0105 Pa\u0144stwo zablokowa\u0107 instalowanie plik\u00f3w cookies lub usun\u0105\u0107 sta\u0142e pliki cookies, wykorzystuj\u0105c stosowne opcje Pa\u0144stwa przegl\u0105darki internetowej. W razie problem\u00f3w doradzamy skorzysta\u0107 z pliku pomocy przegl\u0105darki lub skontaktowa\u0107 si\u0119 z producentem przegl\u0105darki, z kt\u00f3rej Pa\u0144stwo korzystacie.<\/p>\n<p>Obok plik\u00f3w cookies strona onternetowa mo\u017ce r\u00f3wnie\u017c gromadzi\u0107 dane, zwyczajowo zbierane przez administrator\u00f3w system\u00f3w internetowych w ramach tzw. log\u00f3w lub plik\u00f3w dziennika. Informacje zawarte w logach mog\u0105 obejmowa\u0107m.in. Pa\u0144stwa adres IP, rodzaj platformy i przegl\u0105darki internetowej, dostawc\u0119 Internetu oraz adres strony, z kt\u00f3rej weszli\u015bcie Pa\u0144stwo na Witryn\u0119. Niekt\u00f3re podstrony w ramach Witryny oraz inne \u015brodki komunikacji z Pa\u0144stwem mog\u0105 zawiera\u0107 tzw. \u201eweb beacons\u201d (tzw. elektroniczne obrazki). Web beacons pozwalaj\u0105 na otrzymanie informacji takich jak np. adres IP komputera, na kt\u00f3ry za\u0142adowana zosta\u0142a strona, na kt\u00f3rej web beacon zosta\u0142 zamieszczony, numer URL strony, czas za\u0142adowania strony, rodzaj przegl\u0105darki, jak r\u00f3wnie\u017c informacje zawarte w cookies, w celu oceny efektywno\u015bci reklam. Dane te b\u0119d\u0105 archiwizowane i wykorzystywane w celach analizy statystycznej i oceny globalnego ruchu u\u017cytkownik\u00f3w Witryny. Dane te nie b\u0119d\u0105 \u0142\u0105czone z przekazanymi przez Pa\u0144stwo danymi osobowymi.<\/p>\n<p>Google Analytics \u2013 DarwinHub.pl zbiera anonimowe dane statystyczne dotycz\u0105ce odwiedzanych stron. Dane te s\u0142u\u017c\u0105 wy\u0142\u0105cznie do analizy statystycznej ruchu na stronach Serwisu. Zasady dotycz\u0105ce polityki prywatno\u015bci Google Analytics znajduj\u0105 si\u0119 na stronie: https:\/\/www.google.com\/analytics\/learn\/privacy.html?hl=pl<\/p>\n<p>Nasz serwis korzysta z kod\u00f3w remarketingowych Google AdWords i\/lub Google Analytics reklamodawc\u00f3w displayowych. S\u0105 one u\u017cywane do tworzenia list remarketingowych w celu dopasowania zindywidualizowanych reklam w sieci reklamowej Google i wyszukiwarce Google. W oparciu o pliki cookies i tagi remarketingowe Google AdWords mo\u017ce wy\u015bwietla\u0107 reklamy u\u017cytkownikom, kt\u00f3rzy odwiedzili stron\u0119 darwinhub.pl, podczas korzystania z wybranych narz\u0119dzi firmy Google. Ka\u017cdy odwiedzaj\u0105cy nasz serwis ma mo\u017cliwo\u015b\u0107 zrezygnowania ze \u015bledzenia poprzez Google AdWords\/Google Analytics dla reklamodawc\u00f3w displayowych oraz z niestandardowych reklam w sieci reklamowej Google.<\/p>\n<p>Podstaw\u0105 przetwarzania Danych Osobowych Klienta jest przede wszystkim konieczno\u015b\u0107 wykonania umowy, kt\u00f3rej jest stron\u0105 lub konieczno\u015b\u0107 podj\u0119cia na jego \u017c\u0105danie dzia\u0142a\u0144 przed jej zawarciem (art. 6 ust. 1 lit. b) RODO). Dotyczy to przede wszystkim Danych Osobowych podawanych w formularzu przy rejestracji Konta, sk\u0142adaniu Zam\u00f3wie\u0144 i zawieraniu Umowy lub dokonywaniu Rezerwacji na stronie internetowej, jak r\u00f3wnie\u017c przy zapisywaniu si\u0119 na newslettera. R\u00f3wnie\u017c w przypadku Danych Osobowych przekazanych nam w zwi\u0105zku z reklamacj\u0105 Klienta podstaw\u0105 prawn\u0105 ich przetwarzania jest niezb\u0119dno\u015b\u0107 do wykonania \/ obs\u0142ugi umowy sprzeda\u017cy reklamowanych towar\u00f3w.<\/p>\n<p>W przypadku operacji przetwarzania danych we wspominanych celach marketingowych, za wyj\u0105tkiem tych, kt\u00f3re s\u0105 realizowane w ramach newslettera, kt\u00f3ry dzia\u0142a na podstawie regulaminu, podstaw\u0105 takiego przetwarzania jest wype\u0142nienie cel\u00f3w wynikaj\u0105cych z prawnie uzasadnionych interes\u00f3w realizowanych przez Administratora lub przez jego partner\u00f3w (art. 6 ust. 1 lit. f) RODO), przy czym w takim wypadku partnerzy nie bior\u0105 udzia\u0142u w przetwarzaniu danych Klienta. Z drugiej strony, w zakresie w jakim r\u00f3wnie\u017c partnerzy Administratora mog\u0105 mie\u0107 bezpo\u015bredni dost\u0119p do tych informacji \u2013 podstaw\u0105 prawn\u0105 takiego przetwarzania jest wyra\u017cona przez Klienta dobrowolna zgoda (art. 6 ust. 1 lit. a) RODO). Z kolei prezentowanie, tworzenie, przyznanie i realizacja dedykowanych danemu Klientowi reklam, ofert lub promocji (rabat\u00f3w), kt\u00f3re opieraj\u0105 si\u0119 wy\u0142\u0105cznie na zautomatyzowanym przetwarzaniu, w tym profilowaniu, w mo\u017cliwie wysokim stopniu dostosowanych do jego preferencji, kt\u00f3re w spos\u00f3b istotny mo\u017ce wp\u0142ywa\u0107 na decyzje konsumenckie Klienta, za podstaw\u0119 ma dobrowolnie wyra\u017con\u0105 przez Klienta zgod\u0119 (art. 6 ust. 1 lit. a), art. 22 ust. 2 lit. c) RODO). Dotyczy to jednak wy\u0142\u0105cznie pe\u0142noletnich Klient\u00f3w.<\/p>\n<p>W pozosta\u0142ych (innych) celach Dane Osobowe Klienta mog\u0105 by\u0107 przetwarzane na podstawie:<br \/>\ndobrowolnie wyra\u017conych zg\u00f3d \u2013 np. os\u00f3b przyst\u0119puj\u0105cych do konkurs\u00f3w (art. 6 ust. 1 lit. a) RODO); obowi\u0105zuj\u0105cych przepis\u00f3w prawa \u2013 gdy przetwarzanie jest niezb\u0119dne do wype\u0142nienia obowi\u0105zku prawnego ci\u0105\u017c\u0105cego na Administratorze, np. gdy na bazie przepis\u00f3w podatkowych lub rachunkowych Administrator rozlicza zawarte umowy sprzeda\u017cy (art. 6 ust. 1 lit. c) RODO); niezb\u0119dno\u015bci do innych ni\u017c wymienione powy\u017cej cel\u00f3w wynikaj\u0105cych z prawnie uzasadnionych interes\u00f3w realizowanych przez Administratora lub przez stron\u0119 trzeci\u0105, w szczeg\u00f3lno\u015bci do ustalenia, dochodzenia lub obrony roszcze\u0144, prowadzenia korespondencji z Klientami, tak\u017ce za po\u015brednictwem formularzy kontaktowych (w tym udzielania odpowiedzi na wiadomo\u015bci Klient\u00f3w), analiz rynkowych oraz statystycznych (art. 6 ust. 1 lit. f) RODO). Ka\u017cdorazowo katalog odbiorc\u00f3w Danych Osobowych przetwarzanych przez Administratora wynika przede wszystkim z zakresu us\u0142ug z jakich korzysta Klient.<\/p>\n<p>Katalog odbiorc\u00f3w danych wynika r\u00f3wnie\u017c ze zgody Klienta, lub z przepis\u00f3w prawa, oraz doprecyzowywany jest w wyniku dzia\u0142a\u0144 podejmowanych przez niego na stronie darwinhub.pl. W przetwarzaniu Danych Osobowych w ograniczonym zakresie mog\u0105 bra\u0107 udzia\u0142 partnerzy Administratora, w szczeg\u00f3lno\u015bci kt\u00f3rzy technicznie pomagaj\u0105 sprawnie prowadzi\u0107 stron\u0119 internetow\u0105, w tym komunikacj\u0119 z naszymi Klientami (np. wspieraj\u0105 nas w wysy\u0142aniu wiadomo\u015bci e-mail, a w przypadku dzia\u0142a\u0144 reklamowych \u2013 tak\u017ce w kampaniach marketingowych), dostawcy us\u0142ug hostingu lub us\u0142ug teleinformatycznych, przewo\u017anicy lub po\u015brednicy realizuj\u0105cy przesy\u0142ki Zam\u00f3wie\u0144, podmioty obs\u0142uguj\u0105ce p\u0142atno\u015bci elektroniczne lub p\u0142atno\u015bci kart\u0105 p\u0142atnicz\u0105 na stronie internetowej, firmy, kt\u00f3re serwisuj\u0105 oprogramowanie, wspieraj\u0105 Administratora w kampaniach marketingowych, jak r\u00f3wnie\u017c dostawcy us\u0142ug prawnych i doradczych.<\/p>\n<p>W ramach dzia\u0142alno\u015bci marketingowej (reklamowej) Administrator korzysta z us\u0142ug podmiot\u00f3w trzecich, kt\u00f3re stosuj\u0105 na stronie internetowej pliki cookies.<\/p>\n<p>Ka\u017cdemu Klientowi przys\u0142uguje w ka\u017cdym czasie prawo do:<br \/>\n&#8212; wniesienia skargi do Prezesa Urz\u0119du Ochrony Danych Osobowych;<br \/>\n&#8212; przenoszenia Danych Osobowych, kt\u00f3re dostarczy\u0142 Administratorowi i kt\u00f3re s\u0105 przetwarzane w spos\u00f3b zautomatyzowany, a przetwarzanie odbywa si\u0119 na podstawie zgody lub na podstawie umowy, np. do innego administratora;<br \/>\n&#8212; dost\u0119pu do Danych Osobowych (w tym np. otrzymania informacji, kt\u00f3re Dane Osobowe s\u0105 przetwarzane);<br \/>\n&#8212; \u017c\u0105dania sprostowania i ograniczenia przetwarzania (np. je\u015bli Dane Osobowe s\u0105 nieprawid\u0142owe) lub usuni\u0119cia Danych Osobowych (np. w przypadku, gdy by\u0142y one przetwarzane niezgodnie z prawem);<br \/>\n&#8212; cofni\u0119cia ka\u017cdej wyra\u017conej Administratorowi zgody w dowolnym momencie, przy czym cofni\u0119cie zgody nie wp\u0142ywa na przetwarzanie dokonywane przez Administratora zgodnie z prawem przed jej cofni\u0119ciem.<br \/>\n&#8212; wniesienia sprzeciwu wobec przetwarzania dotycz\u0105cych go Danych Osobowych dokonywanego w celu realizacji prawnie uzasadnionych interes\u00f3w Administratora lub strony trzeciej, w tym w szczeg\u00f3lno\u015bci wobec przetwarzania na potrzeby marketingu, w tym profilowania (je\u017celi nie ma innych wa\u017cnych prawnie uzasadnionych podstaw przetwarzania nadrz\u0119dnych wobec interes\u00f3w Klienta).<\/p>\n<p>Dane Osobowe mog\u0105 by\u0107 przechowywane przez okres korzystania ze strony internetowej (przy czym mog\u0105 zosta\u0107 usuni\u0119te po trzech latach od ostatniej aktywno\u015bci Klienta), w przypadku dzia\u0142a\u0144 marketingowych &#8212; do czasu wniesienia przez Klienta sprzeciwu, a je\u015bli zwi\u0105zane s\u0105 z technologi\u0105 cookies i podobnymi, w zale\u017cno\u015bci od kwestii technicznych, do czasu usuni\u0119cia tych plik\u00f3w przy pomocy ustawie\u0144 przegl\u0105darki \/ urz\u0105dzenia (przy czym usuni\u0119cie plik\u00f3w nie zawsze jest to\u017csame z usuni\u0119ciem Danych Osobowych uzyskanych za po\u015brednictwem tych plik\u00f3w, st\u0105d mo\u017cliwo\u015b\u0107 sprzeciwu). Je\u017celi przetwarzanie Danych Osobowych jest uzale\u017cnione od zgody Klienta, Dane Osobowe mog\u0105 by\u0107 przetwarzane dop\u00f3ki nie zostanie ona cofni\u0119ta.<\/p>\n<p>W ka\u017cdym przypadku:<br \/>\nDane Osobowe b\u0119d\u0105 przechowywane r\u00f3wnie\u017c wtedy, gdy przepisy prawa (np. ksi\u0119gowe lub podatkowe) b\u0119d\u0105 zobowi\u0105zywa\u0107 Administratora do ich przetwarzania;<br \/>\nDane Osobowe b\u0119dziemy przechowywa\u0107 d\u0142u\u017cej na wypadek, gdyby Klient mia\u0142 wobec Administratora jakiekolwiek roszczenia, w celu dochodzenia roszcze\u0144 przez Administratora, b\u0105d\u017a w celu dochodzenia lub obrony przed roszczeniami os\u00f3b trzecich, przez okres ich przedawnienia okre\u015blony przepisami prawa, w szczeg\u00f3lno\u015bci kodeksu cywilnego.<br \/>\nW zale\u017cno\u015bci od zakresu Danych Osobowych i cel\u00f3w ich przetwarzania mog\u0105 by\u0107 wi\u0119c one przechowywane przez r\u00f3\u017cny okres. W ka\u017cdym przypadku decyduje d\u0142u\u017cszy termin przechowywania Danych Osobowych.<\/p>\n<p>Administrator posiada techniczn\u0105 mo\u017cliwo\u015b\u0107 komunikowania si\u0119 z Klientem na odleg\u0142o\u015b\u0107 (np. wiadomo\u015b\u0107 e-mail).<br \/>\nU\u017cytkownik mo\u017ce dobrowolnie wyrazi\u0107 osobn\u0105 zgod\u0119 na otrzymywanie informacji handlowych drog\u0105 elektroniczn\u0105 (newsletter), na wskazany adres poczty elektronicznej, na temat produkt\u00f3w i us\u0142ug oferowanych przez darwinhub.pl.<br \/>\nAdministrator Danych Osobowych nie ponosi odpowiedzialno\u015bci za tre\u015bci i praktyki stosowane w zakresie ochrony danych osobowych przez inne strony internetowe, kt\u00f3rych \u0142\u0105cza i adresy internetowe znajduj\u0105 si\u0119 na stronach lub w reklamach strony darwinhub.pl<br \/>\nW przypadku kontroli Generalnego Inspektoratu Ochrony Danych Osobowych, dane Klienta mog\u0105 zosta\u0107 udost\u0119pnione pracownikom Inspektoratu zgodnie z ustaw\u0105 o ochronie danych osobowych.<br \/>\nDbaj\u0105c o bezpiecze\u0144stwo Klient\u00f3w wszystkie prywatne dane (przesy\u0142ane podczas rejestracji, logowania i zakup\u00f3w) zabezpieczone s\u0105 silnym algorytmem szyfruj\u0105cym SSL(Secure Socket Layer) a bazy danych zabezpieczone s\u0105 przed wgl\u0105dem os\u00f3b trzecich.<\/p>\n<p>Wszelkie zmiany dotycz\u0105ce Polityki prywatno\u015bci b\u0119d\u0105 publikowane na tej stronie, a o istotnych zmianach b\u0119dziemy informowa\u0107 w bardziej widoczny spos\u00f3b (w przypadku niekt\u00f3rych us\u0142ug w\u0142\u0105cznie z wys\u0142aniem powiadomienia e-mail informuj\u0105cego o zmianach Polityki prywatno\u015bci).<\/p>\n<p>U\u017cytkownik ma prawo do wgl\u0105du w swoje dane osobowe, do ich poprawiania oraz wniesienia \u017c\u0105dania o zaprzestanie ich przetwarzania, chyba, \u017ce dane, kt\u00f3rych dotyczy powy\u017csze \u017c\u0105danie niezb\u0119dne s\u0105 do \u015bwiadczenia danej Us\u0142ugi \u2013 w\u00f3wczas takie o\u015bwiadczenie b\u0119dzie r\u00f3wnowa\u017cne z o\u015bwiadczeniem o rozwi\u0105zaniu umowy o \u015bwiadczenie Us\u0142ug.<br \/>\nW przypadku dodatkowych pyta\u0144 dotycz\u0105cych ochrony prywatno\u015bci uprzejmie prosimy o kontakt na adres e-mail: ingo@darwinhub.pl<\/p>\n<p>Administrator uwzgl\u0119dniaj\u0105c stan wiedzy technicznej, koszt wdra\u017cania oraz charakter, zakres, kontekst i cele przetwarzania oraz ryzyko naruszenia praw lub wolno\u015bci os\u00f3b fizycznych o r\u00f3\u017cnym prawdopodobie\u0144stwie wyst\u0105pienia i wadze zagro\u017cenia, stosuje odpowiednie \u015brodki techniczne i organizacyjne zapewniaj\u0105ce ochron\u0119 przetwarzanych Danych Osobowych odpowiedni\u0105 do zagro\u017ce\u0144 oraz kategorii danych obj\u0119tych ochron\u0105, a w szczeg\u00f3lno\u015bci zabezpiecza dane przed ich udost\u0119pnieniem osobom nieupowa\u017cnionym, zabraniem przez osob\u0119 nieuprawnion\u0105, przetwarzaniem z naruszeniem obowi\u0105zuj\u0105cych przepis\u00f3w oraz zmian\u0105, utrat\u0105, uszkodzeniem lub zniszczeniem. Udost\u0119pnianie na zewn\u0105trz informacji o stosowanych \u015brodkach technicznych i organizacyjnych zapewniaj\u0105cych ochron\u0119 przetwarzania mo\u017ce os\u0142abi\u0107 ich skuteczno\u015b\u0107 przez co zagra\u017ca w\u0142a\u015bciwej ochronie Danych Osobowych.<\/p>\n","protected":false},"excerpt":{"rendered":"<p>POLITYKA PRYWATNO\u015aCI Niniejsza Polityka Prywatno\u015bci okre\u015bla zasady gromadzenia, przetwarzania i wykorzystywania danych osobowych pozyskanych od U\u017cytkownik\u00f3w przez DarwinHub.pl za po\u015brednictwem strony internetowej. Administratorem Danych Osobowych jest DarwinHub.pl. Wszystkie dane osobowe gromadzone s\u0105 z nale\u017cyt\u0105 staranno\u015bci\u0105 i odpowiednio chronione przed dost\u0119pem do nich przez osoby do tego nieupowa\u017cnione, przetwarzane s\u0105 zgodnie z ustaw\u0105 z dnia 29 [&hellip;]<\/p>\n","protected":false},"author":1,"featured_media":0,"parent":0,"menu_order":0,"comment_status":"closed","ping_status":"open","template":"","meta":{"om_disable_all_campaigns":false,"_monsterinsights_skip_tracking":false,"_monsterinsights_sitenote_active":false,"_monsterinsights_sitenote_note":"","_monsterinsights_sitenote_category":0,"_uf_show_specific_survey":0,"_uf_disable_surveys":false,"footnotes":""},"categories":[],"tags":[],"class_list":["post-897","page","type-page","status-publish","hentry"],"acf":[],"aioseo_notices":[],"yoast_head":"<!-- This site is optimized with the Yoast SEO plugin v24.7 - https:\/\/yoast.com\/wordpress\/plugins\/seo\/ -->\n<title>Privacy Policy - DarwinHub<\/title>\n<meta name=\"robots\" content=\"index, follow, max-snippet:-1, max-image-preview:large, max-video-preview:-1\" \/>\n<link rel=\"canonical\" href=\"https:\/\/darwinhub.pl\/ru\/privacy-policy\/\" \/>\n<meta property=\"og:locale\" content=\"ru_RU\" \/>\n<meta property=\"og:type\" content=\"article\" \/>\n<meta property=\"og:title\" content=\"Privacy Policy - DarwinHub\" \/>\n<meta property=\"og:description\" content=\"POLITYKA PRYWATNO\u015aCI Niniejsza Polityka Prywatno\u015bci okre\u015bla zasady gromadzenia, przetwarzania i wykorzystywania danych osobowych pozyskanych od U\u017cytkownik\u00f3w przez DarwinHub.pl za po\u015brednictwem strony internetowej. Administratorem Danych Osobowych jest DarwinHub.pl. Wszystkie dane osobowe gromadzone s\u0105 z nale\u017cyt\u0105 staranno\u015bci\u0105 i odpowiednio chronione przed dost\u0119pem do nich przez osoby do tego nieupowa\u017cnione, przetwarzane s\u0105 zgodnie z ustaw\u0105 z dnia 29 [&hellip;]\" \/>\n<meta property=\"og:url\" content=\"https:\/\/darwinhub.pl\/ru\/privacy-policy\/\" \/>\n<meta property=\"og:site_name\" content=\"DarwinHub\" \/>\n<meta property=\"article:modified_time\" content=\"2025-04-02T11:26:53+00:00\" \/>\n<meta name=\"twitter:card\" content=\"summary_large_image\" \/>\n<meta name=\"twitter:label1\" content=\"\u041f\u0440\u0438\u043c\u0435\u0440\u043d\u043e\u0435 \u0432\u0440\u0435\u043c\u044f \u0434\u043b\u044f \u0447\u0442\u0435\u043d\u0438\u044f\" \/>\n\t<meta name=\"twitter:data1\" content=\"9 \u043c\u0438\u043d\u0443\u0442\" \/>\n<script type=\"application\/ld+json\" class=\"yoast-schema-graph\">{\"@context\":\"https:\/\/schema.org\",\"@graph\":[{\"@type\":\"WebPage\",\"@id\":\"https:\/\/darwinhub.pl\/ru\/privacy-policy\/\",\"url\":\"https:\/\/darwinhub.pl\/ru\/privacy-policy\/\",\"name\":\"Privacy Policy - DarwinHub\",\"isPartOf\":{\"@id\":\"https:\/\/darwinhub.pl\/ru\/#website\"},\"datePublished\":\"2022-11-02T14:23:33+00:00\",\"dateModified\":\"2025-04-02T11:26:53+00:00\",\"breadcrumb\":{\"@id\":\"https:\/\/darwinhub.pl\/ru\/privacy-policy\/#breadcrumb\"},\"inLanguage\":\"ru-RU\",\"potentialAction\":[{\"@type\":\"ReadAction\",\"target\":[\"https:\/\/darwinhub.pl\/ru\/privacy-policy\/\"]}]},{\"@type\":\"BreadcrumbList\",\"@id\":\"https:\/\/darwinhub.pl\/ru\/privacy-policy\/#breadcrumb\",\"itemListElement\":[{\"@type\":\"ListItem\",\"position\":1,\"name\":\"DarwinHub\",\"item\":\"https:\/\/darwinhub.pl\/ru\/\"},{\"@type\":\"ListItem\",\"position\":2,\"name\":\"Privacy Policy\"}]},{\"@type\":\"WebSite\",\"@id\":\"https:\/\/darwinhub.pl\/ru\/#website\",\"url\":\"https:\/\/darwinhub.pl\/ru\/\",\"name\":\"DarwinHub\",\"description\":\"\u0411\u0438\u0437\u043d\u0435\u0441-\u0438\u043d\u043a\u0443\u0431\u0430\u0442\u043e\u0440 - \u043a\u043e\u043c\u043f\u043b\u0435\u043a\u0441\u043d\u044b\u0435 \u0443\u0441\u043b\u0443\u0433\u0438 \u043f\u043e \u0431\u0438\u0437\u043d\u0435\u0441-\u044d\u043c\u0438\u0433\u0440\u0430\u0446\u0438\u0438, \u041f\u041c\u0416 \/ \u0412\u041d\u0416 \u0432 \u041f\u043e\u043b\u044c\u0448\u0435\",\"potentialAction\":[{\"@type\":\"SearchAction\",\"target\":{\"@type\":\"EntryPoint\",\"urlTemplate\":\"https:\/\/darwinhub.pl\/ru\/?s={search_term_string}\"},\"query-input\":{\"@type\":\"PropertyValueSpecification\",\"valueRequired\":true,\"valueName\":\"search_term_string\"}}],\"inLanguage\":\"ru-RU\"}]}<\/script>\n<!-- \/ Yoast SEO plugin. -->","yoast_head_json":{"title":"Privacy Policy - DarwinHub","robots":{"index":"index","follow":"follow","max-snippet":"max-snippet:-1","max-image-preview":"max-image-preview:large","max-video-preview":"max-video-preview:-1"},"canonical":"https:\/\/darwinhub.pl\/ru\/privacy-policy\/","og_locale":"ru_RU","og_type":"article","og_title":"Privacy Policy - DarwinHub","og_description":"POLITYKA PRYWATNO\u015aCI Niniejsza Polityka Prywatno\u015bci okre\u015bla zasady gromadzenia, przetwarzania i wykorzystywania danych osobowych pozyskanych od U\u017cytkownik\u00f3w przez DarwinHub.pl za po\u015brednictwem strony internetowej. Administratorem Danych Osobowych jest DarwinHub.pl. Wszystkie dane osobowe gromadzone s\u0105 z nale\u017cyt\u0105 staranno\u015bci\u0105 i odpowiednio chronione przed dost\u0119pem do nich przez osoby do tego nieupowa\u017cnione, przetwarzane s\u0105 zgodnie z ustaw\u0105 z dnia 29 [&hellip;]","og_url":"https:\/\/darwinhub.pl\/ru\/privacy-policy\/","og_site_name":"DarwinHub","article_modified_time":"2025-04-02T11:26:53+00:00","twitter_card":"summary_large_image","twitter_misc":{"\u041f\u0440\u0438\u043c\u0435\u0440\u043d\u043e\u0435 \u0432\u0440\u0435\u043c\u044f \u0434\u043b\u044f \u0447\u0442\u0435\u043d\u0438\u044f":"9 \u043c\u0438\u043d\u0443\u0442"},"schema":{"@context":"https:\/\/schema.org","@graph":[{"@type":"WebPage","@id":"https:\/\/darwinhub.pl\/ru\/privacy-policy\/","url":"https:\/\/darwinhub.pl\/ru\/privacy-policy\/","name":"Privacy Policy - DarwinHub","isPartOf":{"@id":"https:\/\/darwinhub.pl\/ru\/#website"},"datePublished":"2022-11-02T14:23:33+00:00","dateModified":"2025-04-02T11:26:53+00:00","breadcrumb":{"@id":"https:\/\/darwinhub.pl\/ru\/privacy-policy\/#breadcrumb"},"inLanguage":"ru-RU","potentialAction":[{"@type":"ReadAction","target":["https:\/\/darwinhub.pl\/ru\/privacy-policy\/"]}]},{"@type":"BreadcrumbList","@id":"https:\/\/darwinhub.pl\/ru\/privacy-policy\/#breadcrumb","itemListElement":[{"@type":"ListItem","position":1,"name":"DarwinHub","item":"https:\/\/darwinhub.pl\/ru\/"},{"@type":"ListItem","position":2,"name":"Privacy Policy"}]},{"@type":"WebSite","@id":"https:\/\/darwinhub.pl\/ru\/#website","url":"https:\/\/darwinhub.pl\/ru\/","name":"DarwinHub","description":"\u0411\u0438\u0437\u043d\u0435\u0441-\u0438\u043d\u043a\u0443\u0431\u0430\u0442\u043e\u0440 - \u043a\u043e\u043c\u043f\u043b\u0435\u043a\u0441\u043d\u044b\u0435 \u0443\u0441\u043b\u0443\u0433\u0438 \u043f\u043e \u0431\u0438\u0437\u043d\u0435\u0441-\u044d\u043c\u0438\u0433\u0440\u0430\u0446\u0438\u0438, \u041f\u041c\u0416 \/ \u0412\u041d\u0416 \u0432 \u041f\u043e\u043b\u044c\u0448\u0435","potentialAction":[{"@type":"SearchAction","target":{"@type":"EntryPoint","urlTemplate":"https:\/\/darwinhub.pl\/ru\/?s={search_term_string}"},"query-input":{"@type":"PropertyValueSpecification","valueRequired":true,"valueName":"search_term_string"}}],"inLanguage":"ru-RU"}]}},"_links":{"self":[{"href":"https:\/\/darwinhub.pl\/ru\/wp-json\/wp\/v2\/pages\/897","targetHints":{"allow":["GET"]}}],"collection":[{"href":"https:\/\/darwinhub.pl\/ru\/wp-json\/wp\/v2\/pages"}],"about":[{"href":"https:\/\/darwinhub.pl\/ru\/wp-json\/wp\/v2\/types\/page"}],"author":[{"embeddable":true,"href":"https:\/\/darwinhub.pl\/ru\/wp-json\/wp\/v2\/users\/1"}],"replies":[{"embeddable":true,"href":"https:\/\/darwinhub.pl\/ru\/wp-json\/wp\/v2\/comments?post=897"}],"version-history":[{"count":1,"href":"https:\/\/darwinhub.pl\/ru\/wp-json\/wp\/v2\/pages\/897\/revisions"}],"predecessor-version":[{"id":898,"href":"https:\/\/darwinhub.pl\/ru\/wp-json\/wp\/v2\/pages\/897\/revisions\/898"}],"wp:attachment":[{"href":"https:\/\/darwinhub.pl\/ru\/wp-json\/wp\/v2\/media?parent=897"}],"wp:term":[{"taxonomy":"category","embeddable":true,"href":"https:\/\/darwinhub.pl\/ru\/wp-json\/wp\/v2\/categories?post=897"},{"taxonomy":"post_tag","embeddable":true,"href":"https:\/\/darwinhub.pl\/ru\/wp-json\/wp\/v2\/tags?post=897"}],"curies":[{"name":"wp","href":"https:\/\/api.w.org\/{rel}","templated":true}]}}